{"id":3125,"date":"2020-06-10T22:49:33","date_gmt":"2020-06-11T01:49:33","guid":{"rendered":"http:\/\/www.webunny.com.br\/?page_id=3125"},"modified":"2021-06-30T20:42:20","modified_gmt":"2021-06-30T23:42:20","slug":"netherland","status":"publish","type":"page","link":"https:\/\/www.webunny.com.br\/cms\/racas\/netherland\/","title":{"rendered":"Netherland"},"content":{"rendered":"\t\t<div data-elementor-type=\"wp-page\" data-elementor-id=\"3125\" class=\"elementor elementor-3125\">\n\t\t\t\t\t\t<section class=\"elementor-section elementor-top-section elementor-element elementor-element-6955a3af elementor-section-stretched elementor-section-height-min-height elementor-section-content-middle elementor-section-boxed elementor-section-height-default elementor-section-items-middle\" data-id=\"6955a3af\" data-element_type=\"section\" data-settings=\"{&quot;stretch_section&quot;:&quot;section-stretched&quot;,&quot;background_background&quot;:&quot;classic&quot;}\">\n\t\t\t\t\t\t\t<div class=\"elementor-background-overlay\"><\/div>\n\t\t\t\t\t\t\t<div class=\"elementor-container elementor-column-gap-default\">\n\t\t\t\t\t<div class=\"elementor-column elementor-col-100 elementor-top-column elementor-element elementor-element-63f93a04\" data-id=\"63f93a04\" data-element_type=\"column\">\n\t\t\t<div class=\"elementor-widget-wrap elementor-element-populated\">\n\t\t\t\t\t\t<section class=\"elementor-section elementor-inner-section elementor-element elementor-element-4c0a9356 elementor-section-boxed elementor-section-height-default elementor-section-height-default\" data-id=\"4c0a9356\" data-element_type=\"section\">\n\t\t\t\t\t\t<div class=\"elementor-container elementor-column-gap-wide\">\n\t\t\t\t\t<div class=\"elementor-column elementor-col-100 elementor-inner-column elementor-element elementor-element-3c508874\" data-id=\"3c508874\" data-element_type=\"column\">\n\t\t\t<div class=\"elementor-widget-wrap elementor-element-populated\">\n\t\t\t\t\t\t<div class=\"elementor-element elementor-element-4b07ba0e elementor-widget elementor-widget-heading\" data-id=\"4b07ba0e\" data-element_type=\"widget\" data-widget_type=\"heading.default\">\n\t\t\t\t<div class=\"elementor-widget-container\">\n\t\t\t\t\t<h2 class=\"elementor-heading-title elementor-size-default\">Netherland<\/h2>\t\t\t\t<\/div>\n\t\t\t\t<\/div>\n\t\t\t\t<div class=\"elementor-element elementor-element-57660f72 elementor-widget-divider--view-line elementor-widget elementor-widget-divider\" data-id=\"57660f72\" data-element_type=\"widget\" data-widget_type=\"divider.default\">\n\t\t\t\t<div class=\"elementor-widget-container\">\n\t\t\t\t\t\t\t<div class=\"elementor-divider\">\n\t\t\t<span class=\"elementor-divider-separator\">\n\t\t\t\t\t\t<\/span>\n\t\t<\/div>\n\t\t\t\t\t\t<\/div>\n\t\t\t\t<\/div>\n\t\t\t\t<div class=\"elementor-element elementor-element-132c23b9 elementor-widget elementor-widget-heading\" data-id=\"132c23b9\" data-element_type=\"widget\" data-widget_type=\"heading.default\">\n\t\t\t\t<div class=\"elementor-widget-container\">\n\t\t\t\t\t<h4 class=\"elementor-heading-title elementor-size-default\">a menor ra\u00e7a de coelhos do mundo<\/h4>\t\t\t\t<\/div>\n\t\t\t\t<\/div>\n\t\t\t\t\t<\/div>\n\t\t<\/div>\n\t\t\t\t\t<\/div>\n\t\t<\/section>\n\t\t\t\t\t<\/div>\n\t\t<\/div>\n\t\t\t\t\t<\/div>\n\t\t<\/section>\n\t\t\t\t<section class=\"elementor-section elementor-top-section elementor-element elementor-element-39f7dd20 elementor-section-boxed elementor-section-height-default elementor-section-height-default\" data-id=\"39f7dd20\" data-element_type=\"section\">\n\t\t\t\t\t\t<div class=\"elementor-container elementor-column-gap-no\">\n\t\t\t\t\t<div class=\"elementor-column elementor-col-100 elementor-top-column elementor-element elementor-element-3f1fc29b\" data-id=\"3f1fc29b\" data-element_type=\"column\">\n\t\t\t<div class=\"elementor-widget-wrap elementor-element-populated\">\n\t\t\t\t\t\t<div class=\"elementor-element elementor-element-4b7bd520 elementor-widget elementor-widget-heading\" data-id=\"4b7bd520\" data-element_type=\"widget\" data-widget_type=\"heading.default\">\n\t\t\t\t<div class=\"elementor-widget-container\">\n\t\t\t\t\t<h2 class=\"elementor-heading-title elementor-size-default\">uma das ra\u00e7as mais conhecidas do mundo<\/h2>\t\t\t\t<\/div>\n\t\t\t\t<\/div>\n\t\t\t\t<div class=\"elementor-element elementor-element-2a48559d elementor-widget-divider--view-line elementor-widget elementor-widget-divider\" data-id=\"2a48559d\" data-element_type=\"widget\" data-widget_type=\"divider.default\">\n\t\t\t\t<div class=\"elementor-widget-container\">\n\t\t\t\t\t\t\t<div class=\"elementor-divider\">\n\t\t\t<span class=\"elementor-divider-separator\">\n\t\t\t\t\t\t<\/span>\n\t\t<\/div>\n\t\t\t\t\t\t<\/div>\n\t\t\t\t<\/div>\n\t\t\t\t\t<\/div>\n\t\t<\/div>\n\t\t\t\t\t<\/div>\n\t\t<\/section>\n\t\t\t\t<section class=\"elementor-section elementor-top-section elementor-element elementor-element-5bad9ffc elementor-section-stretched elementor-section-boxed elementor-section-height-default elementor-section-height-default\" data-id=\"5bad9ffc\" data-element_type=\"section\" data-settings=\"{&quot;stretch_section&quot;:&quot;section-stretched&quot;}\">\n\t\t\t\t\t\t<div class=\"elementor-container elementor-column-gap-wider\">\n\t\t\t\t\t<div class=\"elementor-column elementor-col-50 elementor-top-column elementor-element elementor-element-238f5c84\" data-id=\"238f5c84\" data-element_type=\"column\">\n\t\t\t<div class=\"elementor-widget-wrap elementor-element-populated\">\n\t\t\t\t\t\t<div class=\"elementor-element elementor-element-5bcf1537 elementor-widget elementor-widget-text-editor\" data-id=\"5bcf1537\" data-element_type=\"widget\" data-widget_type=\"text-editor.default\">\n\t\t\t\t<div class=\"elementor-widget-container\">\n\t\t\t\t\t\t\t\t\t<h4>Nethers s\u00e3o pequenos, mas tem uma personalidade enorme!<\/h4>\n<p>Estes coelhos s\u00e3o ativos e muito pequenos. Eles t\u00eam orelhas mais curtas que a maioria dos coelhos, e o nariz e a mand\u00edbula s\u00e3o muito curtos tamb\u00e9m. Eles s\u00e3o t\u00edmidos e animados, gentileza e compreens\u00e3o s\u00e3o necess\u00e1rias para conquistar sua confian\u00e7a e trazer \u00e0 tona o melhor de sua personalidade. Eles s\u00e3o muito ativos e brincalh\u00f5es, adoram escalar e podem ser bastante travessos. Apesar do tamanho pequeno, eles precisam de espa\u00e7o, pois gostam de correr e podem pular surpreendentemente alto.<\/p>\t\t\t\t\t\t\t\t<\/div>\n\t\t\t\t<\/div>\n\t\t\t\t<section class=\"elementor-section elementor-inner-section elementor-element elementor-element-14e11aea elementor-section-boxed elementor-section-height-default elementor-section-height-default\" data-id=\"14e11aea\" data-element_type=\"section\">\n\t\t\t\t\t\t<div class=\"elementor-container elementor-column-gap-no\">\n\t\t\t\t\t<div class=\"elementor-column elementor-col-50 elementor-inner-column elementor-element elementor-element-75c0d05f\" data-id=\"75c0d05f\" data-element_type=\"column\">\n\t\t\t<div class=\"elementor-widget-wrap elementor-element-populated\">\n\t\t\t\t\t\t<div class=\"elementor-element elementor-element-2596e7cf elementor-align-left elementor-icon-list--layout-traditional elementor-list-item-link-full_width elementor-widget elementor-widget-icon-list\" data-id=\"2596e7cf\" data-element_type=\"widget\" data-widget_type=\"icon-list.default\">\n\t\t\t\t<div class=\"elementor-widget-container\">\n\t\t\t\t\t\t\t<ul class=\"elementor-icon-list-items\">\n\t\t\t\t\t\t\t<li class=\"elementor-icon-list-item\">\n\t\t\t\t\t\t\t\t\t\t\t<span class=\"elementor-icon-list-icon\">\n\t\t\t\t\t\t\t<i aria-hidden=\"true\" class=\" icomoon-the7-font-the7-arrow-21\"><\/i>\t\t\t\t\t\t<\/span>\n\t\t\t\t\t\t\t\t\t\t<span class=\"elementor-icon-list-text\">M\u00e9dia 1,2kg<\/span>\n\t\t\t\t\t\t\t\t\t<\/li>\n\t\t\t\t\t\t\t\t<li class=\"elementor-icon-list-item\">\n\t\t\t\t\t\t\t\t\t\t\t<span class=\"elementor-icon-list-icon\">\n\t\t\t\t\t\t\t<i aria-hidden=\"true\" class=\" icomoon-the7-font-the7-arrow-21\"><\/i>\t\t\t\t\t\t<\/span>\n\t\t\t\t\t\t\t\t\t\t<span class=\"elementor-icon-list-text\">Corpo Compacto<\/span>\n\t\t\t\t\t\t\t\t\t<\/li>\n\t\t\t\t\t\t\t\t<li class=\"elementor-icon-list-item\">\n\t\t\t\t\t\t\t\t\t\t\t<span class=\"elementor-icon-list-icon\">\n\t\t\t\t\t\t\t<i aria-hidden=\"true\" class=\" icomoon-the7-font-the7-arrow-21\"><\/i>\t\t\t\t\t\t<\/span>\n\t\t\t\t\t\t\t\t\t\t<span class=\"elementor-icon-list-text\">Orelhas de 5-6cm<\/span>\n\t\t\t\t\t\t\t\t\t<\/li>\n\t\t\t\t\t\t<\/ul>\n\t\t\t\t\t\t<\/div>\n\t\t\t\t<\/div>\n\t\t\t\t\t<\/div>\n\t\t<\/div>\n\t\t\t\t<div class=\"elementor-column elementor-col-50 elementor-inner-column elementor-element elementor-element-648d2147\" data-id=\"648d2147\" data-element_type=\"column\">\n\t\t\t<div class=\"elementor-widget-wrap elementor-element-populated\">\n\t\t\t\t\t\t<div class=\"elementor-element elementor-element-447f9072 elementor-align-left elementor-icon-list--layout-traditional elementor-list-item-link-full_width elementor-widget elementor-widget-icon-list\" data-id=\"447f9072\" data-element_type=\"widget\" data-widget_type=\"icon-list.default\">\n\t\t\t\t<div class=\"elementor-widget-container\">\n\t\t\t\t\t\t\t<ul class=\"elementor-icon-list-items\">\n\t\t\t\t\t\t\t<li class=\"elementor-icon-list-item\">\n\t\t\t\t\t\t\t\t\t\t\t<span class=\"elementor-icon-list-icon\">\n\t\t\t\t\t\t\t<i aria-hidden=\"true\" class=\" icomoon-the7-font-the7-arrow-21\"><\/i>\t\t\t\t\t\t<\/span>\n\t\t\t\t\t\t\t\t\t\t<span class=\"elementor-icon-list-text\">T\u00edmido<\/span>\n\t\t\t\t\t\t\t\t\t<\/li>\n\t\t\t\t\t\t\t\t<li class=\"elementor-icon-list-item\">\n\t\t\t\t\t\t\t\t\t\t\t<span class=\"elementor-icon-list-icon\">\n\t\t\t\t\t\t\t<i aria-hidden=\"true\" class=\" icomoon-the7-font-the7-arrow-21\"><\/i>\t\t\t\t\t\t<\/span>\n\t\t\t\t\t\t\t\t\t\t<span class=\"elementor-icon-list-text\">\u00d3timo para adultos<\/span>\n\t\t\t\t\t\t\t\t\t<\/li>\n\t\t\t\t\t\t\t\t<li class=\"elementor-icon-list-item\">\n\t\t\t\t\t\t\t\t\t\t\t<span class=\"elementor-icon-list-icon\">\n\t\t\t\t\t\t\t<i aria-hidden=\"true\" class=\" icomoon-the7-font-the7-arrow-21\"><\/i>\t\t\t\t\t\t<\/span>\n\t\t\t\t\t\t\t\t\t\t<span class=\"elementor-icon-list-text\">Cabe\u00e7a Redonda<\/span>\n\t\t\t\t\t\t\t\t\t<\/li>\n\t\t\t\t\t\t<\/ul>\n\t\t\t\t\t\t<\/div>\n\t\t\t\t<\/div>\n\t\t\t\t\t<\/div>\n\t\t<\/div>\n\t\t\t\t\t<\/div>\n\t\t<\/section>\n\t\t\t\t\t<\/div>\n\t\t<\/div>\n\t\t\t\t<div class=\"elementor-column elementor-col-50 elementor-top-column elementor-element elementor-element-3c58445b\" data-id=\"3c58445b\" data-element_type=\"column\">\n\t\t\t<div class=\"elementor-widget-wrap elementor-element-populated\">\n\t\t\t\t\t\t<section class=\"elementor-section elementor-inner-section elementor-element elementor-element-aa615ad elementor-section-boxed elementor-section-height-default elementor-section-height-default\" data-id=\"aa615ad\" data-element_type=\"section\">\n\t\t\t\t\t\t<div class=\"elementor-container elementor-column-gap-narrow\">\n\t\t\t\t\t<div class=\"elementor-column elementor-col-33 elementor-inner-column elementor-element elementor-element-21277d45\" data-id=\"21277d45\" data-element_type=\"column\">\n\t\t\t<div class=\"elementor-widget-wrap elementor-element-populated\">\n\t\t\t\t\t\t<div class=\"elementor-element elementor-element-38f067c6 elementor-widget elementor-widget-image\" data-id=\"38f067c6\" data-element_type=\"widget\" data-widget_type=\"image.default\">\n\t\t\t\t<div class=\"elementor-widget-container\">\n\t\t\t\t\t\t\t\t\t\t\t\t\t\t\t\t<a href=\"http:\/\/www.webunny.com.br\/cms\/wp-content\/uploads\/zanna.jpg\" data-elementor-open-lightbox=\"yes\" data-elementor-lightbox-title=\"zanna\" data-e-action-hash=\"#elementor-action%3Aaction%3Dlightbox%26settings%3DeyJpZCI6Mzg4OSwidXJsIjoiaHR0cHM6XC9cL3d3dy53ZWJ1bm55LmNvbS5iclwvY21zXC93cC1jb250ZW50XC91cGxvYWRzXC96YW5uYS5qcGcifQ%3D%3D\">\n\t\t\t\t\t\t\t<img decoding=\"async\" src=\"https:\/\/www.webunny.com.br\/cms\/wp-content\/uploads\/elementor\/thumbs\/zanna-pipvt3ovi1p9ux10pw487bouvejgj6vuq68ylsb1go.jpg\" title=\"zanna\" alt=\"zanna\" loading=\"lazy\" \/>\t\t\t\t\t\t\t\t<\/a>\n\t\t\t\t\t\t\t\t\t\t\t\t\t\t\t<\/div>\n\t\t\t\t<\/div>\n\t\t\t\t\t<\/div>\n\t\t<\/div>\n\t\t\t\t<div class=\"elementor-column elementor-col-33 elementor-inner-column elementor-element elementor-element-641ce7db\" data-id=\"641ce7db\" data-element_type=\"column\">\n\t\t\t<div class=\"elementor-widget-wrap elementor-element-populated\">\n\t\t\t\t\t\t<div class=\"elementor-element elementor-element-5ae7f812 elementor-widget elementor-widget-image\" data-id=\"5ae7f812\" data-element_type=\"widget\" data-widget_type=\"image.default\">\n\t\t\t\t<div class=\"elementor-widget-container\">\n\t\t\t\t\t\t\t\t\t\t\t\t\t\t\t\t<a href=\"http:\/\/www.webunny.com.br\/cms\/wp-content\/uploads\/john.jpg\" data-elementor-open-lightbox=\"yes\" data-elementor-lightbox-title=\"john\" data-e-action-hash=\"#elementor-action%3Aaction%3Dlightbox%26settings%3DeyJpZCI6NDIwMywidXJsIjoiaHR0cHM6XC9cL3d3dy53ZWJ1bm55LmNvbS5iclwvY21zXC93cC1jb250ZW50XC91cGxvYWRzXC9qb2huLmpwZyJ9\">\n\t\t\t\t\t\t\t<img decoding=\"async\" src=\"https:\/\/www.webunny.com.br\/cms\/wp-content\/uploads\/elementor\/thumbs\/john-pipvskw3pczjepsbrnzotgfmzp4498t7zl79092wx4.jpg\" title=\"john\" alt=\"john\" loading=\"lazy\" \/>\t\t\t\t\t\t\t\t<\/a>\n\t\t\t\t\t\t\t\t\t\t\t\t\t\t\t<\/div>\n\t\t\t\t<\/div>\n\t\t\t\t\t<\/div>\n\t\t<\/div>\n\t\t\t\t<div class=\"elementor-column elementor-col-33 elementor-inner-column elementor-element elementor-element-11a26c24\" data-id=\"11a26c24\" data-element_type=\"column\">\n\t\t\t<div class=\"elementor-widget-wrap elementor-element-populated\">\n\t\t\t\t\t\t<div class=\"elementor-element elementor-element-56284408 elementor-widget elementor-widget-image\" data-id=\"56284408\" data-element_type=\"widget\" data-widget_type=\"image.default\">\n\t\t\t\t<div class=\"elementor-widget-container\">\n\t\t\t\t\t\t\t\t\t\t\t\t\t\t\t\t<a href=\"http:\/\/www.webunny.com.br\/cms\/wp-content\/uploads\/ND03.jpg\" data-elementor-open-lightbox=\"yes\" data-elementor-lightbox-title=\"ND03\" data-e-action-hash=\"#elementor-action%3Aaction%3Dlightbox%26settings%3DeyJpZCI6MzE3MSwidXJsIjoiaHR0cHM6XC9cL3d3dy53ZWJ1bm55LmNvbS5iclwvY21zXC93cC1jb250ZW50XC91cGxvYWRzXC9ORDAzLmpwZyJ9\">\n\t\t\t\t\t\t\t<img decoding=\"async\" src=\"https:\/\/www.webunny.com.br\/cms\/wp-content\/uploads\/elementor\/thumbs\/ND03-pipvsrgz178jnzirp8u2swrv5e7or4jcchrnd6t5pk.jpg\" title=\"ND03\" alt=\"ND03\" loading=\"lazy\" \/>\t\t\t\t\t\t\t\t<\/a>\n\t\t\t\t\t\t\t\t\t\t\t\t\t\t\t<\/div>\n\t\t\t\t<\/div>\n\t\t\t\t\t<\/div>\n\t\t<\/div>\n\t\t\t\t\t<\/div>\n\t\t<\/section>\n\t\t\t\t<section class=\"elementor-section elementor-inner-section elementor-element elementor-element-1ddbacb5 elementor-section-boxed elementor-section-height-default elementor-section-height-default\" data-id=\"1ddbacb5\" data-element_type=\"section\">\n\t\t\t\t\t\t<div class=\"elementor-container elementor-column-gap-narrow\">\n\t\t\t\t\t<div class=\"elementor-column elementor-col-33 elementor-inner-column elementor-element elementor-element-21bcecb8\" data-id=\"21bcecb8\" data-element_type=\"column\">\n\t\t\t<div class=\"elementor-widget-wrap elementor-element-populated\">\n\t\t\t\t\t\t<div class=\"elementor-element elementor-element-6b2cc777 elementor-widget elementor-widget-image\" data-id=\"6b2cc777\" data-element_type=\"widget\" data-widget_type=\"image.default\">\n\t\t\t\t<div class=\"elementor-widget-container\">\n\t\t\t\t\t\t\t\t\t\t\t\t\t\t\t\t<a href=\"http:\/\/www.webunny.com.br\/cms\/wp-content\/uploads\/Jay06.jpg\" data-elementor-open-lightbox=\"yes\" data-elementor-lightbox-title=\"Jay06\" data-e-action-hash=\"#elementor-action%3Aaction%3Dlightbox%26settings%3DeyJpZCI6MzIyMiwidXJsIjoiaHR0cHM6XC9cL3d3dy53ZWJ1bm55LmNvbS5iclwvY21zXC93cC1jb250ZW50XC91cGxvYWRzXC9KYXkwNi5qcGcifQ%3D%3D\">\n\t\t\t\t\t\t\t<img decoding=\"async\" src=\"https:\/\/www.webunny.com.br\/cms\/wp-content\/uploads\/elementor\/thumbs\/Jay06-pipvt4mpovqk6iznkeiurtgbgsetqvzl2awg329nag.jpg\" title=\"Jay06\" alt=\"Jay06\" loading=\"lazy\" \/>\t\t\t\t\t\t\t\t<\/a>\n\t\t\t\t\t\t\t\t\t\t\t\t\t\t\t<\/div>\n\t\t\t\t<\/div>\n\t\t\t\t\t<\/div>\n\t\t<\/div>\n\t\t\t\t<div class=\"elementor-column elementor-col-33 elementor-inner-column elementor-element elementor-element-2a6f7915\" data-id=\"2a6f7915\" data-element_type=\"column\">\n\t\t\t<div class=\"elementor-widget-wrap elementor-element-populated\">\n\t\t\t\t\t\t<div class=\"elementor-element elementor-element-655ab3c8 elementor-widget elementor-widget-image\" data-id=\"655ab3c8\" data-element_type=\"widget\" data-widget_type=\"image.default\">\n\t\t\t\t<div class=\"elementor-widget-container\">\n\t\t\t\t\t\t\t\t\t\t\t\t\t\t\t\t<a href=\"http:\/\/www.webunny.com.br\/cms\/wp-content\/uploads\/bruno_ND-scaled.jpg\" data-elementor-open-lightbox=\"yes\" data-elementor-lightbox-title=\"bruno_ND\" data-e-action-hash=\"#elementor-action%3Aaction%3Dlightbox%26settings%3DeyJpZCI6NDI4OCwidXJsIjoiaHR0cHM6XC9cL3d3dy53ZWJ1bm55LmNvbS5iclwvY21zXC93cC1jb250ZW50XC91cGxvYWRzXC9icnVub19ORC1zY2FsZWQuanBnIn0%3D\">\n\t\t\t\t\t\t\t<img decoding=\"async\" src=\"https:\/\/www.webunny.com.br\/cms\/wp-content\/uploads\/elementor\/thumbs\/bruno_ND-scaled-pipvtc5f7k0ureoqchrvbrk07vdrggtfrc4bx9yhwo.jpg\" title=\"bruno_ND\" alt=\"bruno_ND\" loading=\"lazy\" \/>\t\t\t\t\t\t\t\t<\/a>\n\t\t\t\t\t\t\t\t\t\t\t\t\t\t\t<\/div>\n\t\t\t\t<\/div>\n\t\t\t\t\t<\/div>\n\t\t<\/div>\n\t\t\t\t<div class=\"elementor-column elementor-col-33 elementor-inner-column elementor-element elementor-element-23155504\" data-id=\"23155504\" data-element_type=\"column\">\n\t\t\t<div class=\"elementor-widget-wrap elementor-element-populated\">\n\t\t\t\t\t\t<div class=\"elementor-element elementor-element-78da0a4d elementor-widget elementor-widget-image\" data-id=\"78da0a4d\" data-element_type=\"widget\" data-widget_type=\"image.default\">\n\t\t\t\t<div class=\"elementor-widget-container\">\n\t\t\t\t\t\t\t\t\t\t\t\t\t\t\t\t<a href=\"http:\/\/www.webunny.com.br\/cms\/wp-content\/uploads\/batatinha.jpg\" data-elementor-open-lightbox=\"yes\" data-elementor-lightbox-title=\"batatinha\" data-e-action-hash=\"#elementor-action%3Aaction%3Dlightbox%26settings%3DeyJpZCI6NDEyMiwidXJsIjoiaHR0cHM6XC9cL3d3dy53ZWJ1bm55LmNvbS5iclwvY21zXC93cC1jb250ZW50XC91cGxvYWRzXC9iYXRhdGluaGEuanBnIn0%3D\">\n\t\t\t\t\t\t\t<img decoding=\"async\" src=\"https:\/\/www.webunny.com.br\/cms\/wp-content\/uploads\/elementor\/thumbs\/batatinha-pipvsw65zdeza1bxxsv7ndl64bkitm201512rkm6ug.jpg\" title=\"batatinha\" alt=\"batatinha\" loading=\"lazy\" \/>\t\t\t\t\t\t\t\t<\/a>\n\t\t\t\t\t\t\t\t\t\t\t\t\t\t\t<\/div>\n\t\t\t\t<\/div>\n\t\t\t\t\t<\/div>\n\t\t<\/div>\n\t\t\t\t\t<\/div>\n\t\t<\/section>\n\t\t\t\t\t<\/div>\n\t\t<\/div>\n\t\t\t\t\t<\/div>\n\t\t<\/section>\n\t\t\t\t<\/div>\n\t\t","protected":false},"excerpt":{"rendered":"<p>Netherland a menor ra\u00e7a de coelhos do mundo uma das ra\u00e7as mais conhecidas do mundo Nethers s\u00e3o pequenos, mas tem uma personalidade enorme! Estes coelhos s\u00e3o ativos e muito pequenos. Eles t\u00eam orelhas mais curtas que a maioria dos coelhos, e o nariz e a mand\u00edbula s\u00e3o muito curtos tamb\u00e9m. Eles s\u00e3o t\u00edmidos e animados,&hellip;<\/p>\n","protected":false},"author":1,"featured_media":0,"parent":536,"menu_order":6,"comment_status":"closed","ping_status":"closed","template":"elementor_header_footer","meta":{"footnotes":""},"class_list":["post-3125","page","type-page","status-publish","hentry"],"_links":{"self":[{"href":"https:\/\/www.webunny.com.br\/cms\/wp-json\/wp\/v2\/pages\/3125","targetHints":{"allow":["GET"]}}],"collection":[{"href":"https:\/\/www.webunny.com.br\/cms\/wp-json\/wp\/v2\/pages"}],"about":[{"href":"https:\/\/www.webunny.com.br\/cms\/wp-json\/wp\/v2\/types\/page"}],"author":[{"embeddable":true,"href":"https:\/\/www.webunny.com.br\/cms\/wp-json\/wp\/v2\/users\/1"}],"replies":[{"embeddable":true,"href":"https:\/\/www.webunny.com.br\/cms\/wp-json\/wp\/v2\/comments?post=3125"}],"version-history":[{"count":18,"href":"https:\/\/www.webunny.com.br\/cms\/wp-json\/wp\/v2\/pages\/3125\/revisions"}],"predecessor-version":[{"id":4289,"href":"https:\/\/www.webunny.com.br\/cms\/wp-json\/wp\/v2\/pages\/3125\/revisions\/4289"}],"up":[{"embeddable":true,"href":"https:\/\/www.webunny.com.br\/cms\/wp-json\/wp\/v2\/pages\/536"}],"wp:attachment":[{"href":"https:\/\/www.webunny.com.br\/cms\/wp-json\/wp\/v2\/media?parent=3125"}],"curies":[{"name":"wp","href":"https:\/\/api.w.org\/{rel}","templated":true}]}}